{"id":2242,"date":"2023-10-10T10:36:57","date_gmt":"2023-10-10T08:36:57","guid":{"rendered":"https:\/\/www.camping-belle-ile.com\/atypical-rental-belle-ile-en-mer\/"},"modified":"2026-04-21T15:42:08","modified_gmt":"2026-04-21T13:42:08","slug":"atypical-rental-belle-ile-en-mer","status":"publish","type":"page","link":"https:\/\/www.camping-belle-ile.com\/en\/atypical-rental-belle-ile-en-mer\/","title":{"rendered":"Unusual rentals"},"content":{"rendered":"<section id=\"ls-section-block_a9d65578a60d44c21b8ab7c8fd2a1d9e\" class=\"ls-section \" >\r\n        <div class=\"container \">\r\n        \n\n<h1 class=\"ls__heading wp-block-heading has-text-align-center\">Unusual rentals <br\/><strong>in Belle-\u00cele-en-Mer<\/strong><\/h1>\n\n\r\n    <\/div>\r\n<\/section><section id=\"ls-section-block_4b85c2785c0ac82b05c3e0f87a6e9886\" class=\"ls-section  page-one coquillage insolite has-p-t p-t-0 has-p-b p-b-14\" >\r\n        <div class=\"container container--wide\">\r\n        \n\n<div class=\"wp-block-columns is-layout-flex wp-container-core-columns-is-layout-9d6595d7 wp-block-columns-is-layout-flex\">\n<div class=\"wp-block-column is-layout-flow wp-block-column-is-layout-flow\" style=\"flex-basis:40%\">\n<div id=\"ls-hebergements-block_3b072db2a3d486a029a900ae44db3c7b\" class=\"ls-hebergements\">\n\n    <div class=\"ls-hebergements__results\" data-row=\"1\" data-campings=\"false\" data-types=\"[34]\"><div class=\"ls-hebergement\" data-postid='3009' data-id-reservation='140883' data-id-site='' data-id1='' data-nombre_de_personnes='4' data-nombre_de_chambres='' data-type='insolite' data-gammes-hebergements='insolite'>\n\t<div class=\"ls-hebergement__thumb\">\n\t\t<img decoding=\"async\" width=\"2560\" height=\"1920\" src=\"https:\/\/www.camping-belle-ile.com\/wp-content\/uploads\/2025\/03\/IMG_3828-scaled.jpeg\" class=\"attachment-full size-full wp-post-image\" alt=\"fmily teepee\" srcset=\"https:\/\/www.camping-belle-ile.com\/wp-content\/uploads\/2025\/03\/IMG_3828-scaled.jpeg 2560w, https:\/\/www.camping-belle-ile.com\/wp-content\/uploads\/2025\/03\/IMG_3828-300x225.jpeg 300w, https:\/\/www.camping-belle-ile.com\/wp-content\/uploads\/2025\/03\/IMG_3828-1024x768.jpeg 1024w, https:\/\/www.camping-belle-ile.com\/wp-content\/uploads\/2025\/03\/IMG_3828-768x576.jpeg 768w, https:\/\/www.camping-belle-ile.com\/wp-content\/uploads\/2025\/03\/IMG_3828-1536x1152.jpeg 1536w, https:\/\/www.camping-belle-ile.com\/wp-content\/uploads\/2025\/03\/IMG_3828-2048x1536.jpeg 2048w\" sizes=\"(max-width: 2560px) 100vw, 2560px\" \/>\t<\/div>\n\t<div class=\"ls-hebergement__content\">\n\t\t<div class=\"ls-hebergement__subtitle\">Atypical<\/div>\t\t<div class=\"ls-hebergement__title\">\n\t\t\tfamily teepee\t\t<\/div>\n\n\n\t\t<div class=\"ls-hebergement__details\">\n\n\t\t\t<div class=\"ls-hebergement__infos\">\n\t\t\t\t<span class=\"ls-hebergement__detail\">Atypical<\/span>\n\t\t\t<\/div>\n\n\t\t\t<div class=\"ls-hebergement__icons\">\n\t\t\t\t\t\t\t\t<span class=\"ls-hebergement__icon\">\n\t\t\t\t\t<i class=\"grands-sables_one-family\"><\/i>\n\t\t\t\t\t4\t\t\t\t<\/span>\n\t\t\t\t\n\t\t\t\t\n\t\t\t\t\n\n\t\t\t<\/div>\n\t\t<\/div>\n\t<\/div>\n<\/div><\/div><\/div><\/div>\n\n\n\n<div class=\"wp-block-column is-vertically-aligned-center is-layout-flow wp-block-column-is-layout-flow\">\n<h2 class=\"ls__heading wp-block-heading\"><strong>Glamping<\/strong> in Morbihan<\/h2>\n\n\n\n<hr class=\"wp-block-separator has-alpha-channel-opacity\"\/>\n\n\n\n<h3 class=\"ls__heading wp-block-heading\">A unique stay in Locmaria: Discover our luxurious family teepee<\/h3>\n\n\n\n<p class=\"ls-paragraph\">Are you looking for <strong>unique accommodation in Belle-\u00cele-en-Mer<\/strong>? Set in the unspoilt surroundings of <strong>Locmaria<\/strong>, our Family Tipi is the perfect alternative to traditional camping and luxury glamping. <\/p>\n\n\n\n<h3 class=\"ls__heading wp-block-heading\">Un espace de vie g\u00e9n\u00e9reux et a\u00e9r\u00e9<\/h3>\n\n\n\n<p class=\"ls-paragraph\">One of the key features of our installation is its exceptional size. We have chosen a <strong>tepee with a diameter of 4 metres<\/strong>, supported by a central pole <strong>3 metres high<\/strong>. <\/p>\n\n\n\n<p class=\"ls-paragraph\"><\/p>\n\n\n\n<div class=\"ls-lire-plus\">\n    <input id=\"ls-lire-plus-block_c1fc4cae1f761d3ee78b79dce1ee433869f183c7ef1ac\" type=\"checkbox\" class=\"ls-lire-plus__toggle\"  \/>\n    <label for=\"ls-lire-plus-block_c1fc4cae1f761d3ee78b79dce1ee433869f183c7ef1ac\" class=\"ls-lire-plus__toggle-label\">\n        <span>Read more<\/span>\n        <span>Read less<\/span>\n    <\/label>\n    <div class=\"ls-lire-plus__content\">\n        \n\n<ul class=\"ls-list ls-list-undefined wp-block-list\">\n<li><strong>Spacious interiors<\/strong>: No more feeling cramped \u2013 here, you can move about freely while standing up.<\/li>\n\n\n\n<li><strong>On modularity<\/strong>: Whether you come to stay <strong>as a couple<\/strong> for a romantic weekend, <strong>with friends<\/strong> for a stopover on the GR340, or <strong>as a family<\/strong> with some children, the space adapts to your needs.<\/li>\n\n\n\n<li><strong>A nature retreat<\/strong>: Enjoy the natural light and sea air of Locmaria whilst staying in a sturdy, spacious accommodation.<\/li>\n<\/ul>\n\n\n\n<h3 class=\"ls__heading wp-block-heading\">Why choose Locmaria for your holiday on Belle-\u00cele?<\/h3>\n\n\n\n<p class=\"ls-paragraph\">Staying in our teepee in Locmaria means embracing the island\u2019s wildest and most authentic side. Just a stone\u2019s throw from coastal paths and unspoilt beaches, our location allows you to switch off completely. It\u2019s the perfect base for exploring the Pointe de l\u2019Arzic or unwinding after a day\u2019s hiking.  <\/p>\n\n\n\n<p class=\"ls-paragraph\"><strong>Did you know?<\/strong> The 3-metre-high ceilings allow for natural temperature regulation and optimal ventilation, ensuring peaceful, restful nights under the stars of Brittany.<\/p>\n\n        <div class=\"ls-lire-plus__gradient\" style=\"background: linear-gradient(to bottom,rgba(255,255,255,0) 0%,rgba(255,255,255,1) 100%);\"><\/div>\n    <\/div>\n<\/div><\/div>\n<\/div>\n\n\r\n    <\/div>\r\n<\/section><section id=\"ls-section-block_d996a95f010590e0b7ef72ab09c4351c\" class=\"ls-section  page-one soleil has-background has-color-1-background-color has-p-b p-b-15\" >\r\n        <div class=\"container container--wide\">\r\n        \n\n<h2 class=\"ls__heading wp-block-heading has-text-align-center\">Rent an <strong>unusual accommodation<\/strong> in Belle-\u00cele-en-Mer<\/h2>\n\n\n\n<div class=\"wp-block-columns is-layout-flex wp-container-core-columns-is-layout-9d6595d7 wp-block-columns-is-layout-flex\">\n<div class=\"wp-block-column is-layout-flow wp-block-column-is-layout-flow\">\n<p class=\"ls-paragraph\">Not sure whether to <a href=\"https:\/\/www.camping-belle-ile.com\/en\/pitches-belle-ile-en-mer\/\">book a bare pitch<\/a> to pitch your tent, or <a href=\"https:\/\/www.camping-belle-ile.com\/en\/rent-mobile-home-belle-ile-en-mer\/\">rent a chalet or mobile home<\/a>?  <\/p>\n\n\n\n<p class=\"ls-paragraph\">We now offer you an <strong>unforgettable and unusual glamping experience in a Mongolian tent<\/strong>, with simplicity and closeness to nature, to fully enjoy the present moment, the mildness of the Bellilois climate, the sweet fragrances of nature, the songs of the birds at the end of the day, followed by those of the locusts. A perfect harmony that you can witness in an atypical accommodation on Belle-\u00cele. <\/p>\n<\/div>\n\n\n\n<div class=\"wp-block-column is-layout-flow wp-block-column-is-layout-flow\">\n<p class=\"ls-paragraph\">There\u2019s no need to burden yourself with a tent on your back, a sleeping bag and an air mattress when you<strong>hire an unusual accommodation<\/strong>. The FAMILY TIPI <strong>is already set up on a small wooden deck<\/strong>, with two comfortable mattresses on the floor, two deckchairs and a coffee table.  <\/p>\n\n\n\n<p class=\"ls-paragraph\">We look forward to welcoming you to this new discovery of unusual accommodation in Morbihan.<\/p>\n\n\n\n<p class=\"ls-paragraph\">We continue to work daily on our range of rentals to ensure maximum comfort during your unusual stay at the Grands Sables campsite, a minimum of clutter during your hikes, and above all so that you return from your <strong>atypical vacation at Belle \u00eele en mer<\/strong> full of sweet memories and above all the desire to return very soon. <\/p>\n<\/div>\n<\/div>\n\n\r\n    <\/div>\r\n<\/section><section id=\"ls-section-block_c2cdba96f73fd7ca3993a3744404a257\" class=\"ls-section  page-maillage\" >\r\n        <div class=\"container container--wide\">\r\n        \n\n<div id=\"ls-heading ls-titre-div-block_9a8e96606e63eeb089172af721a8816d\" class=\"ls-titre-div aligncenter h2-like\" >\n    Discover our other accommodations, our pitches and our camping rates<\/div>\n\n\n<div id=\"ls-maillage-block_a70f74b26aba0d418ad0ef4b999fc053\" class=\"ls-maillage cta-style-normal\" data-rows=\"3\">\r\n    <div class=\"wp-block-columns\"><div class=\"wp-block-column\">\n\n<a href=\"https:\/\/www.camping-belle-ile.com\/en\/cheap-camping-belle-ile-en-mer\/\" target=\"\" rel=\"noopener\" class=\"ls-cta__link\">\n\n\t<div class=\"ls-cta__image\"><img decoding=\"async\" src=\"https:\/\/www.camping-belle-ile.com\/wp-content\/uploads\/2025\/11\/14102025-DSC00470-1024x683.jpg\" alt=\"hebergement premium\"><\/div>\n\t<div class=\"ls-cta__title\">\n\t\tRates\t<\/div>\n\n\t\t\n<\/a><\/div><div class=\"wp-block-column\">\n\n<a href=\"https:\/\/www.camping-belle-ile.com\/en\/rent-mobile-home-belle-ile-en-mer\/\" target=\"\" rel=\"noopener\" class=\"ls-cta__link\">\n\n\t<div class=\"ls-cta__image\"><img decoding=\"async\" src=\"https:\/\/www.camping-belle-ile.com\/wp-content\/uploads\/2023\/12\/Capture-decran-2025-11-03-a-14.33.35.png\" alt=\"2-bedroom premium chalet\"><\/div>\n\t<div class=\"ls-cta__title\">\n\t\tRentals\t<\/div>\n\n\t\t\n<\/a><\/div><div class=\"wp-block-column\">\n\n<a href=\"https:\/\/www.camping-belle-ile.com\/en\/pitches-belle-ile-en-mer\/\" target=\"\" rel=\"noopener\" class=\"ls-cta__link\">\n\n\t<div class=\"ls-cta__image\"><img decoding=\"async\" src=\"https:\/\/www.camping-belle-ile.com\/wp-content\/uploads\/2025\/05\/nature-au-coeur-du-camping-834x1024.png\" alt=\"nature campsite\"><\/div>\n\t<div class=\"ls-cta__title\">\n\t\tOur pitches\t<\/div>\n\n\t\t\n<\/a><\/div><\/div><\/div>\n\r\n    <\/div>\r\n<\/section>","protected":false},"excerpt":{"rendered":"","protected":false},"author":1,"featured_media":0,"parent":0,"menu_order":0,"comment_status":"closed","ping_status":"closed","template":"template-hebergements.php","meta":{"_acf_changed":false,"footnotes":""},"sujet":[],"class_list":["post-2242","page","type-page","status-publish","hentry"],"acf":[],"yoast_head":"<!-- This site is optimized with the Yoast SEO plugin v27.5 - https:\/\/yoast.com\/product\/yoast-seo-wordpress\/ -->\n<title>Unusual rentals Morbihan | Atypical accommodation Belle-\u00cele-en-Mer<\/title>\n<meta name=\"robots\" content=\"index, follow, max-snippet:-1, max-image-preview:large, max-video-preview:-1\" \/>\n<link rel=\"canonical\" href=\"https:\/\/www.camping-belle-ile.com\/en\/atypical-rental-belle-ile-en-mer\/\" \/>\n<meta property=\"og:locale\" content=\"en_US\" \/>\n<meta property=\"og:type\" content=\"article\" \/>\n<meta property=\"og:title\" content=\"Unusual rentals Morbihan | Atypical accommodation Belle-\u00cele-en-Mer\" \/>\n<meta property=\"og:url\" content=\"https:\/\/www.camping-belle-ile.com\/en\/atypical-rental-belle-ile-en-mer\/\" \/>\n<meta property=\"og:site_name\" content=\"Camping Les Grands Sables\" \/>\n<meta property=\"article:modified_time\" content=\"2026-04-21T13:42:08+00:00\" \/>\n<meta name=\"twitter:card\" content=\"summary_large_image\" \/>\n<meta name=\"twitter:label1\" content=\"Est. reading time\" \/>\n\t<meta name=\"twitter:data1\" content=\"2 minutes\" \/>\n<script type=\"application\/ld+json\" class=\"yoast-schema-graph\">{\"@context\":\"https:\\\/\\\/schema.org\",\"@graph\":[{\"@type\":\"WebPage\",\"@id\":\"https:\\\/\\\/www.camping-belle-ile.com\\\/en\\\/atypical-rental-belle-ile-en-mer\\\/\",\"url\":\"https:\\\/\\\/www.camping-belle-ile.com\\\/en\\\/atypical-rental-belle-ile-en-mer\\\/\",\"name\":\"Unusual rentals Morbihan | Atypical accommodation Belle-\u00cele-en-Mer\",\"isPartOf\":{\"@id\":\"https:\\\/\\\/www.camping-belle-ile.com\\\/#website\"},\"datePublished\":\"2023-10-10T08:36:57+00:00\",\"dateModified\":\"2026-04-21T13:42:08+00:00\",\"breadcrumb\":{\"@id\":\"https:\\\/\\\/www.camping-belle-ile.com\\\/en\\\/atypical-rental-belle-ile-en-mer\\\/#breadcrumb\"},\"inLanguage\":\"en-US\",\"potentialAction\":[{\"@type\":\"ReadAction\",\"target\":[\"https:\\\/\\\/www.camping-belle-ile.com\\\/en\\\/atypical-rental-belle-ile-en-mer\\\/\"]}]},{\"@type\":\"BreadcrumbList\",\"@id\":\"https:\\\/\\\/www.camping-belle-ile.com\\\/en\\\/atypical-rental-belle-ile-en-mer\\\/#breadcrumb\",\"itemListElement\":[{\"@type\":\"ListItem\",\"position\":1,\"name\":\"Campsite in Belle-\u00cele-en-Mer\",\"item\":\"https:\\\/\\\/www.camping-belle-ile.com\\\/en\\\/\"},{\"@type\":\"ListItem\",\"position\":2,\"name\":\"Rent an unusual accommodation in Morbihan\"}]},{\"@type\":\"WebSite\",\"@id\":\"https:\\\/\\\/www.camping-belle-ile.com\\\/#website\",\"url\":\"https:\\\/\\\/www.camping-belle-ile.com\\\/\",\"name\":\"Camping Les Grands Sables\",\"description\":\"\",\"publisher\":{\"@id\":\"https:\\\/\\\/www.camping-belle-ile.com\\\/#organization\"},\"potentialAction\":[{\"@type\":\"SearchAction\",\"target\":{\"@type\":\"EntryPoint\",\"urlTemplate\":\"https:\\\/\\\/www.camping-belle-ile.com\\\/?s={search_term_string}\"},\"query-input\":{\"@type\":\"PropertyValueSpecification\",\"valueRequired\":true,\"valueName\":\"search_term_string\"}}],\"inLanguage\":\"en-US\"},{\"@type\":\"Organization\",\"@id\":\"https:\\\/\\\/www.camping-belle-ile.com\\\/#organization\",\"name\":\"Camping Les Grands Sables\",\"url\":\"https:\\\/\\\/www.camping-belle-ile.com\\\/\",\"logo\":{\"@type\":\"ImageObject\",\"inLanguage\":\"en-US\",\"@id\":\"https:\\\/\\\/www.camping-belle-ile.com\\\/#\\\/schema\\\/logo\\\/image\\\/\",\"url\":\"https:\\\/\\\/www.camping-belle-ile.com\\\/wp-content\\\/uploads\\\/2023\\\/07\\\/cropped-camping-les-grands-sables.png\",\"contentUrl\":\"https:\\\/\\\/www.camping-belle-ile.com\\\/wp-content\\\/uploads\\\/2023\\\/07\\\/cropped-camping-les-grands-sables.png\",\"width\":439,\"height\":133,\"caption\":\"Camping Les Grands Sables\"},\"image\":{\"@id\":\"https:\\\/\\\/www.camping-belle-ile.com\\\/#\\\/schema\\\/logo\\\/image\\\/\"}}]}<\/script>\n<!-- \/ Yoast SEO plugin. -->","yoast_head_json":{"title":"Unusual rentals Morbihan | Atypical accommodation Belle-\u00cele-en-Mer","robots":{"index":"index","follow":"follow","max-snippet":"max-snippet:-1","max-image-preview":"max-image-preview:large","max-video-preview":"max-video-preview:-1"},"canonical":"https:\/\/www.camping-belle-ile.com\/en\/atypical-rental-belle-ile-en-mer\/","og_locale":"en_US","og_type":"article","og_title":"Unusual rentals Morbihan | Atypical accommodation Belle-\u00cele-en-Mer","og_url":"https:\/\/www.camping-belle-ile.com\/en\/atypical-rental-belle-ile-en-mer\/","og_site_name":"Camping Les Grands Sables","article_modified_time":"2026-04-21T13:42:08+00:00","twitter_card":"summary_large_image","twitter_misc":{"Est. reading time":"2 minutes"},"schema":{"@context":"https:\/\/schema.org","@graph":[{"@type":"WebPage","@id":"https:\/\/www.camping-belle-ile.com\/en\/atypical-rental-belle-ile-en-mer\/","url":"https:\/\/www.camping-belle-ile.com\/en\/atypical-rental-belle-ile-en-mer\/","name":"Unusual rentals Morbihan | Atypical accommodation Belle-\u00cele-en-Mer","isPartOf":{"@id":"https:\/\/www.camping-belle-ile.com\/#website"},"datePublished":"2023-10-10T08:36:57+00:00","dateModified":"2026-04-21T13:42:08+00:00","breadcrumb":{"@id":"https:\/\/www.camping-belle-ile.com\/en\/atypical-rental-belle-ile-en-mer\/#breadcrumb"},"inLanguage":"en-US","potentialAction":[{"@type":"ReadAction","target":["https:\/\/www.camping-belle-ile.com\/en\/atypical-rental-belle-ile-en-mer\/"]}]},{"@type":"BreadcrumbList","@id":"https:\/\/www.camping-belle-ile.com\/en\/atypical-rental-belle-ile-en-mer\/#breadcrumb","itemListElement":[{"@type":"ListItem","position":1,"name":"Campsite in Belle-\u00cele-en-Mer","item":"https:\/\/www.camping-belle-ile.com\/en\/"},{"@type":"ListItem","position":2,"name":"Rent an unusual accommodation in Morbihan"}]},{"@type":"WebSite","@id":"https:\/\/www.camping-belle-ile.com\/#website","url":"https:\/\/www.camping-belle-ile.com\/","name":"Camping Les Grands Sables","description":"","publisher":{"@id":"https:\/\/www.camping-belle-ile.com\/#organization"},"potentialAction":[{"@type":"SearchAction","target":{"@type":"EntryPoint","urlTemplate":"https:\/\/www.camping-belle-ile.com\/?s={search_term_string}"},"query-input":{"@type":"PropertyValueSpecification","valueRequired":true,"valueName":"search_term_string"}}],"inLanguage":"en-US"},{"@type":"Organization","@id":"https:\/\/www.camping-belle-ile.com\/#organization","name":"Camping Les Grands Sables","url":"https:\/\/www.camping-belle-ile.com\/","logo":{"@type":"ImageObject","inLanguage":"en-US","@id":"https:\/\/www.camping-belle-ile.com\/#\/schema\/logo\/image\/","url":"https:\/\/www.camping-belle-ile.com\/wp-content\/uploads\/2023\/07\/cropped-camping-les-grands-sables.png","contentUrl":"https:\/\/www.camping-belle-ile.com\/wp-content\/uploads\/2023\/07\/cropped-camping-les-grands-sables.png","width":439,"height":133,"caption":"Camping Les Grands Sables"},"image":{"@id":"https:\/\/www.camping-belle-ile.com\/#\/schema\/logo\/image\/"}}]}},"_links":{"self":[{"href":"https:\/\/www.camping-belle-ile.com\/en\/wp-json\/wp\/v2\/pages\/2242","targetHints":{"allow":["GET"]}}],"collection":[{"href":"https:\/\/www.camping-belle-ile.com\/en\/wp-json\/wp\/v2\/pages"}],"about":[{"href":"https:\/\/www.camping-belle-ile.com\/en\/wp-json\/wp\/v2\/types\/page"}],"author":[{"embeddable":true,"href":"https:\/\/www.camping-belle-ile.com\/en\/wp-json\/wp\/v2\/users\/1"}],"replies":[{"embeddable":true,"href":"https:\/\/www.camping-belle-ile.com\/en\/wp-json\/wp\/v2\/comments?post=2242"}],"version-history":[{"count":11,"href":"https:\/\/www.camping-belle-ile.com\/en\/wp-json\/wp\/v2\/pages\/2242\/revisions"}],"predecessor-version":[{"id":3876,"href":"https:\/\/www.camping-belle-ile.com\/en\/wp-json\/wp\/v2\/pages\/2242\/revisions\/3876"}],"wp:attachment":[{"href":"https:\/\/www.camping-belle-ile.com\/en\/wp-json\/wp\/v2\/media?parent=2242"}],"wp:term":[{"taxonomy":"sujet","embeddable":true,"href":"https:\/\/www.camping-belle-ile.com\/en\/wp-json\/wp\/v2\/sujet?post=2242"}],"curies":[{"name":"wp","href":"https:\/\/api.w.org\/{rel}","templated":true}]}}